{"id":569,"date":"2019-03-20T12:34:10","date_gmt":"2019-03-20T11:34:10","guid":{"rendered":"http:\/\/stpaulstudio.com\/?page_id=569"},"modified":"2023-01-07T17:21:07","modified_gmt":"2023-01-07T16:21:07","slug":"studio-oranger-fr","status":"publish","type":"page","link":"https:\/\/stpaulstudio.com\/?page_id=569&lang=fr","title":{"rendered":"Studio Oranger"},"content":{"rendered":"<div class=\"wpb-content-wrapper\">[vc_row equal_columns=&#8221;true&#8221; attached=&#8221;true&#8221; css=&#8221;.vc_custom_1552735507422{margin-bottom: 30px !important;}&#8221;][vc_column][vc_column_text css=&#8221;.vc_custom_1552745832096{margin-top: 70px !important;margin-bottom: 50px !important;}&#8221;]\n<h1 class=\"p1\" style=\"text-align: center;\"><span class=\"s1\">Studio Oranger<\/span><\/h1>\n[\/vc_column_text][vc_row_inner column_padding=&#8221;1&#8243;][vc_column_inner css=&#8221;.vc_custom_1552783451722{margin-bottom: 20px !important;}&#8221;][vc_column_text css=&#8221;.vc_custom_1553083985378{margin-bottom: 0px !important;}&#8221;]\n<p class=\"p1\" style=\"text-align: center;\"><span class=\"s1\">Un studio de lyxe de 32 m2 , compos\u00e9 d&#8217;un salon avec cuisine provencale, chambre , joli salle de bains . Le studio a une vue imprenable sur le village de Saint- Paul , les collines et la mer avec Cap Antibes . Le studio est d\u00e9cor\u00e9 avec des meubles de c\u00e9l\u00e8bre Grange et est situ\u00e9 \u00e0 c\u00f4t\u00e9 de la route \u00e0 une courte distance du village.<\/span><\/p>\n[\/vc_column_text][\/vc_column_inner][\/vc_row_inner][\/vc_column][\/vc_row][vc_row equal_columns=&#8221;true&#8221;][vc_column width=&#8221;1\/2&#8243; css=&#8221;.vc_custom_1553078387234{padding-right: 30px !important;}&#8221;][vc_row_inner][vc_column_inner width=&#8221;1\/2&#8243;][vc_column_text css=&#8221;.vc_custom_1553079075001{margin-bottom: 0px !important;}&#8221;]\n<p class=\"p1\"><span class=\"s1\"><b>Type of accommodation<\/b>:<\/span><\/p>\n[\/vc_column_text][\/vc_column_inner][vc_column_inner width=&#8221;1\/2&#8243;][vc_column_text css=&#8221;.vc_custom_1553079091152{margin-bottom: 0px !important;}&#8221;]\n<p class=\"p1\"><span class=\"s1\">Studio<\/span><\/p>\n[\/vc_column_text][\/vc_column_inner][\/vc_row_inner][vc_row_inner][vc_column_inner width=&#8221;1\/2&#8243;][vc_column_text css=&#8221;.vc_custom_1553084172531{margin-bottom: 0px !important;}&#8221;]\n<p class=\"p1\"><span class=\"s1\"><b>Capacit\u00e9 max d&#8217;accueil<\/b><\/span>:<\/p>\n[\/vc_column_text][\/vc_column_inner][vc_column_inner width=&#8221;1\/2&#8243;][vc_column_text css=&#8221;.vc_custom_1553084194367{margin-bottom: 0px !important;}&#8221;]\n<p class=\"p1\"><span class=\"s1\">2 (+canap\u00e9-lit)<\/span><\/p>\n[\/vc_column_text][\/vc_column_inner][\/vc_row_inner][vc_row_inner][vc_column_inner width=&#8221;1\/2&#8243;][vc_column_text css=&#8221;.vc_custom_1553084216919{margin-bottom: 0px !important;}&#8221;]\n<p class=\"p2\"><b>Confort:<\/b><\/p>\n[\/vc_column_text][\/vc_column_inner][vc_column_inner width=&#8221;1\/2&#8243;][vc_column_text css=&#8221;.vc_custom_1553084231361{margin-bottom: 0px !important;}&#8221;]\n<p class=\"p1\"><span class=\"s1\">Climatisation, Acc\u00e8s Internet privatif gratuit, Draps et linges compris, S\u00e8che cheveux, Sejour, T\u00e9l\u00e9vision, Cuisine avec micro-onde, r\u00e9frig\u00e9rateur, plaque vitroc\u00e9ramique, Non fumeur, Lit b\u00e9b\u00e9<br \/>\n<\/span>[\/vc_column_text][\/vc_column_inner][\/vc_row_inner][vc_row_inner][vc_column_inner width=&#8221;1\/2&#8243;][vc_column_text css=&#8221;.vc_custom_1553084278555{margin-bottom: 0px !important;}&#8221;]\n<p class=\"p1\"><span class=\"s1\"><b>\u00c9quipements<\/b><\/span><b>:<\/b><\/p>\n[\/vc_column_text][\/vc_column_inner][vc_column_inner width=&#8221;1\/2&#8243;][vc_column_text css=&#8221;.vc_custom_1553084295229{margin-bottom: 0px !important;}&#8221;]\n<p class=\"p1\"><span class=\"s1\">Climatisation, Entr\u00e9e ind\u00e9pendante<br \/>\n<\/span>[\/vc_column_text][\/vc_column_inner][\/vc_row_inner][\/vc_column][vc_column width=&#8221;1\/2&#8243;][vc_row_inner][vc_column_inner width=&#8221;1\/2&#8243;][vc_column_text css=&#8221;.vc_custom_1553079293481{margin-bottom: 0px !important;}&#8221;]\n<p class=\"p2\"><b>Services:<\/b><\/p>\n[\/vc_column_text][\/vc_column_inner][vc_column_inner width=&#8221;1\/2&#8243;][vc_column_text css=&#8221;.vc_custom_1553084261252{margin-bottom: 0px !important;}&#8221;]\n<p class=\"p1\"><span class=\"s1\">M\u00e9nage en fin de s\u00e9jour.<br \/>\n<\/span><span class=\"s2\">Th\u00e9,\u00a0caf\u00e9\u00a0et un petit-d\u00e9jeuner pour votre premi\u00e8re journ\u00e9e inclus.<\/span>[\/vc_column_text][\/vc_column_inner][\/vc_row_inner][vc_row_inner][vc_column_inner width=&#8221;1\/2&#8243;][vc_column_text css=&#8221;.vc_custom_1553084414468{margin-bottom: 0px !important;}&#8221;]\n<p class=\"p1\"><span class=\"s1\"><b>Horaires d\u2019ouverture:<\/b><\/span><\/p>\n[\/vc_column_text][\/vc_column_inner][vc_column_inner width=&#8221;1\/2&#8243;][vc_column_text css=&#8221;.vc_custom_1553084427711{margin-bottom: 0px !important;}&#8221;]\n<p class=\"p1\"><span class=\"s1\">Toute l&#8217;ann\u00e9e<br \/>\n<\/span>[\/vc_column_text][\/vc_column_inner][\/vc_row_inner][vc_row_inner][vc_column_inner width=&#8221;1\/2&#8243;][vc_column_text css=&#8221;.vc_custom_1553084514459{margin-right: 15px !important;margin-bottom: 0px !important;}&#8221;]\n<p class=\"p1\"><strong><span class=\"s1\">Langues<\/span>:<\/strong><\/p>\n[\/vc_column_text][\/vc_column_inner][vc_column_inner width=&#8221;1\/2&#8243;][vc_column_text css=&#8221;.vc_custom_1553084532259{margin-right: 15px !important;margin-bottom: 0px !important;}&#8221;]\n<p class=\"p1\"><span class=\"s1\">fran\u00e7aise, anglaise, allemande, su\u00e9doise<\/span><\/p>\n[\/vc_column_text][\/vc_column_inner][\/vc_row_inner][vc_row_inner][vc_column_inner width=&#8221;1\/2&#8243;][vc_column_text css=&#8221;.vc_custom_1553084460517{margin-bottom: 0px !important;}&#8221;]\n<p class=\"p1\"><span class=\"s1\"><b>Mode de paiement:<\/b><\/span><\/p>\n[\/vc_column_text][\/vc_column_inner][vc_column_inner width=&#8221;1\/2&#8243;][vc_column_text css=&#8221;.vc_custom_1553084477237{margin-bottom: 0px !important;}&#8221;]\n<p class=\"p1\"><span class=\"s1\">Ch\u00e8que, Esp\u00e8ces, virement<\/span><span class=\"s2\"><br \/>\n<\/span>[\/vc_column_text][\/vc_column_inner][\/vc_row_inner][vc_row_inner][vc_column_inner width=&#8221;1\/2&#8243;][vc_column_text css=&#8221;.vc_custom_1561631706231{margin-bottom: 0px !important;}&#8221;]\n<p class=\"p1\"><span class=\"s1\"><b>R\u00e9servez maintenant:<\/b><\/span><\/p>\n[\/vc_column_text][\/vc_column_inner][vc_column_inner width=&#8221;1\/2&#8243;][mk_button dimension=&#8221;two&#8221; corner_style=&#8221;rounded&#8221; icon=&#8221;mk-icon-angle-double-right&#8221; url=&#8221;http:\/\/www.booking.com\/Share-Cca8AD&#8221; target=&#8221;_blank&#8221;]R\u00e9servez sur booking.com[\/mk_button][\/vc_column_inner][\/vc_row_inner][\/vc_column][\/vc_row][vc_row][vc_column][vc_gallery type=&#8221;image_grid&#8221; images=&#8221;313,188,172,173,174,147,185,170,167,166,169,168,165,164,171,184,183,180,179,175,187,176,177,178&#8243; img_size=&#8221;280&#215;280&#8243;][\/vc_column][\/vc_row]\n<\/div>","protected":false},"excerpt":{"rendered":"<p>[vc_row equal_columns=&#8221;true&#8221; attached=&#8221;true&#8221; css=&#8221;.vc_custom_1552735507422{margin-bottom: 30px !important;}&#8221;][vc_column][vc_column_text css=&#8221;.vc_custom_1552745832096{margin-top: 70px !important;margin-bottom: 50px !important;}&#8221;] Studio Oranger [\/vc_column_text][vc_row_inner column_padding=&#8221;1&#8243;][vc_column_inner css=&#8221;.vc_custom_1552783451722{margin-bottom: 20px !important;}&#8221;][vc_column_text css=&#8221;.vc_custom_1553083985378{margin-bottom: 0px !important;}&#8221;] Un studio de lyxe de 32 m2 , compos\u00e9 d&#8217;un salon avec cuisine provencale, chambre , joli salle de bains . Le studio a une vue imprenable sur le village de Saint- Paul , [&hellip;]<\/p>\n","protected":false},"author":2,"featured_media":0,"parent":0,"menu_order":0,"comment_status":"closed","ping_status":"closed","template":"","meta":{"_exactmetrics_skip_tracking":false,"_exactmetrics_sitenote_active":false,"_exactmetrics_sitenote_note":"","_exactmetrics_sitenote_category":0,"footnotes":""},"class_list":["post-569","page","type-page","status-publish","hentry"],"_links":{"self":[{"href":"https:\/\/stpaulstudio.com\/index.php?rest_route=\/wp\/v2\/pages\/569","targetHints":{"allow":["GET"]}}],"collection":[{"href":"https:\/\/stpaulstudio.com\/index.php?rest_route=\/wp\/v2\/pages"}],"about":[{"href":"https:\/\/stpaulstudio.com\/index.php?rest_route=\/wp\/v2\/types\/page"}],"author":[{"embeddable":true,"href":"https:\/\/stpaulstudio.com\/index.php?rest_route=\/wp\/v2\/users\/2"}],"replies":[{"embeddable":true,"href":"https:\/\/stpaulstudio.com\/index.php?rest_route=%2Fwp%2Fv2%2Fcomments&post=569"}],"version-history":[{"count":8,"href":"https:\/\/stpaulstudio.com\/index.php?rest_route=\/wp\/v2\/pages\/569\/revisions"}],"predecessor-version":[{"id":758,"href":"https:\/\/stpaulstudio.com\/index.php?rest_route=\/wp\/v2\/pages\/569\/revisions\/758"}],"wp:attachment":[{"href":"https:\/\/stpaulstudio.com\/index.php?rest_route=%2Fwp%2Fv2%2Fmedia&parent=569"}],"curies":[{"name":"wp","href":"https:\/\/api.w.org\/{rel}","templated":true}]}}