{"id":567,"date":"2019-03-20T12:32:21","date_gmt":"2019-03-20T11:32:21","guid":{"rendered":"http:\/\/stpaulstudio.com\/?page_id=567"},"modified":"2019-03-20T20:16:32","modified_gmt":"2019-03-20T19:16:32","slug":"contact-fr","status":"publish","type":"page","link":"https:\/\/stpaulstudio.com\/?page_id=567&lang=fr","title":{"rendered":"Contact"},"content":{"rendered":"<div class=\"wpb-content-wrapper\">[vc_row fullwidth=&#8221;true&#8221; css=&#8221;.vc_custom_1553072940422{margin-top: -50px !important;margin-bottom: 50px !important;padding-top: 80px !important;padding-bottom: 20px !important;background-color: #e6ddd5 !important;}&#8221;][vc_column][vc_row_inner is_fullwidth_content=&#8221;false&#8221;][vc_column_inner width=&#8221;2\/6&#8243; css=&#8221;.vc_custom_1553072431815{padding-right: 15px !important;}&#8221;][vc_column_text align=&#8221;center&#8221; css=&#8221;.vc_custom_1553072568752{margin-bottom: 0px !important;padding-top: 5px !important;padding-bottom: 15px !important;}&#8221;]\n<h4 style=\"text-align: left;\"><strong>Gerda B\u00f6cklinger<\/strong><\/h4>\n<p style=\"text-align: left;\">1, route de la Colle<br \/>\n06570 St Paul de Vence<br \/>\nTel: +33 493 24 18 83<br \/>\ngerda.bocklinger@me.com<\/p>\n[\/vc_column_text][vc_column_text css=&#8221;.vc_custom_1553081935720{margin-right: 14px !important;margin-bottom: 0px !important;}&#8221;]\n<p class=\"p1\"><span class=\"s1\"><i>Les proprietaires de la maison sont Gerda B\u00f6cklinger et Leif Birgersson de la Su\u00e8de. Apr\u00e9s des ann\u00e9es comme entrepreneurs, nous avons r\u00e9alis\u00e9 n\u00f4tre r\u00eave d\u2018une maison en Provence. Que c\u2019est devenu Saint- Paul de Vence n\u2019est pas un hasard, un village vivant, rempli d&#8217; art, pr\u00e8s de la grande ville de Nice, Antibes, Cannes &#8211; villes charmantes et \u00e9l\u00e9gantes. \u00c1 proximit\u00e9 de montagnes et la mer et avec une clima extraoridnaire. Ici nous faisons l&#8217;exp\u00e9rience de la lumi\u00e8re unique qui a captiv\u00e9 artistes au des d\u00e9cennies .<\/i><\/span><\/p>\n[\/vc_column_text][\/vc_column_inner][vc_column_inner width=&#8221;4\/6&#8243;][vc_gmaps link=&#8221;#E-8_JTNDaWZyYW1lJTIwc3JjJTNEJTIyaHR0cHMlM0ElMkYlMkZ3d3cuZ29vZ2xlLmNvbSUyRm1hcHMlMkZlbWJlZCUzRnBiJTNEJTIxMW0xNCUyMTFtOCUyMTFtMyUyMTFkMjg4NC41NTA3MDgzNzgwNTElMjEyZDcuMTE4NDQ0NiUyMTNkNDMuNjk5MTAzMiUyMTNtMiUyMTFpMTAyNCUyMTJpNzY4JTIxNGYxMy4xJTIxM20zJTIxMW0yJTIxMXMweDEyY2RkMmVjMTE3ZmJkOTklMjUzQTB4NTE3MzZmODhhNTY5NmZhYSUyMTJzMSUyQlJvdXRlJTJCZGUlMkJsYSUyQkNvbGxlJTI1MkMlMkIwNjU3MCUyQlNhaW50LVBhdWwtZGUtVmVuY2UlMjUyQyUyQkZyYW5rcmVpY2glMjE1ZTAlMjEzbTIlMjExc2RlJTIxMnNzZSUyMTR2MTU1Mjc0MDQwODEwNCUyMiUyMHdpZHRoJTNEJTIyNjAwJTIyJTIwaGVpZ2h0JTNEJTIyNDUwJTIyJTIwZnJhbWVib3JkZXIlM0QlMjIwJTIyJTIwc3R5bGUlM0QlMjJib3JkZXIlM0EwJTIyJTIwYWxsb3dmdWxsc2NyZWVuJTNFJTNDJTJGaWZyYW1lJTNF&#8221; size=&#8221;&#8221;][\/vc_column_inner][\/vc_row_inner][\/vc_column][\/vc_row][vc_row fullwidth=&#8221;true&#8221; equal_columns=&#8221;true&#8221;][vc_column][vc_row_inner is_fullwidth_content=&#8221;false&#8221;][vc_column_inner width=&#8221;1\/3&#8243;][vc_single_image image=&#8221;285&#8243; img_size=&#8221;80&#215;80&#8243; alignment=&#8221;center&#8221; css=&#8221;.vc_custom_1552784779509{margin-top: 30px !important;margin-bottom: 20px !important;}&#8221;][vc_column_text disable_pattern=&#8221;false&#8221; css=&#8221;.vc_custom_1553082687660{margin-right: 15px !important;margin-bottom: 0px !important;}&#8221;]\n<p class=\"p1\"><span class=\"s1\">Autoroute A8 : sortie n\u00b0 47 Villeneuve Loubet, Cagnes sur Mer, Vence en venant de Marseille<\/span><\/p>\n<p class=\"p1\"><span class=\"s1\">ou sortie n\u00b0 48 Cagnes sur Mer, Vence en venant de Nice ou de l&#8217;Italie<\/span><\/p>\n<p class=\"p1\"><span class=\"s2\">\u2192<\/span><span class=\"s1\"> Suivre la direction La Colle sur Loup \/ Vence : RD 436<\/span><\/p>\n<p class=\"p1\"><span class=\"s2\">\u2192<\/span><span class=\"s1\"> Saint-Paul de Vence est situ\u00e9 entre La Colle sur Loup et Vence, \u00e0 15 minutes de l&#8217;autoroute<\/span><\/p>\n[\/vc_column_text][\/vc_column_inner][vc_column_inner width=&#8221;1\/3&#8243;][vc_single_image image=&#8221;284&#8243; img_size=&#8221;80&#215;80&#8243; alignment=&#8221;center&#8221; css=&#8221;.vc_custom_1552784790362{margin-top: 30px !important;margin-bottom: 20px !important;}&#8221;][vc_column_text disable_pattern=&#8221;false&#8221; css=&#8221;.vc_custom_1553082715778{margin-right: 15px !important;margin-bottom: 0px !important;}&#8221;]\n<p class=\"p1\"><span class=\"s1\">Au d\u00e9part de l\u2019a\u00e9roport Nice C\u00f4te d\u2019Azur, 3 possibilit\u00e9s : <\/span><\/p>\n<p class=\"p1\"><span class=\"s2\">\u2192<\/span><span class=\"s1\"> Prendre un taxi &#8211; R\u00e9servez votre course en contactant la station de taxi de l\u2019a\u00e9roport de Nice au 04 93 13 78 78.<\/span><\/p>\n<p class=\"p1\"><span class=\"s2\">\u2192<\/span><span class=\"s1\"> Prendre l\u2019autocar n\u00b0400 &#8211; Arr\u00eat \u00abA\u00e9roport Promenade\u00bb. Comptez entre 10 minutes \u00e0 pied pour rejoindre l\u2019arr\u00eat de bus situ\u00e9 sur la Promenade des Anglais depuis le Terminal 1. Depuis le Terminal 2, prendre la navette gratuite de l&#8217;a\u00e9roport qui vous conduira au Terminal 1, comptez ensuite 10 minutes \u00e0 pied pour se rendre \u00e0 l&#8217;arr\u00eat &#8220;A\u00e9roport Promenade&#8221;. A\u00e9roport de Nice &#8211; Saint-Paul de Vence : environ 1h de trajet.<span class=\"Apple-converted-space\">\u00a0 <\/span>Arr\u00eat St Paul: \u00e1 cot\u00e9 d\u2019Orangerie.<\/span><\/p>\n[\/vc_column_text][\/vc_column_inner][vc_column_inner width=&#8221;1\/3&#8243;][vc_single_image image=&#8221;286&#8243; img_size=&#8221;80&#215;80&#8243; alignment=&#8221;center&#8221; css=&#8221;.vc_custom_1552784799956{margin-top: 30px !important;margin-bottom: 20px !important;}&#8221;][vc_column_text disable_pattern=&#8221;false&#8221; css=&#8221;.vc_custom_1553082734692{margin-right: 15px !important;margin-bottom: 0px !important;}&#8221;]\n<p class=\"p1\"><span class=\"s1\">\u2192<\/span><span class=\"s2\"> Gare la plus proche : Cagnes sur Mer<\/span><\/p>\n<p class=\"p1\"><span class=\"s1\">\u2192<\/span><span class=\"s2\"> Prendre l&#8217;autocar n\u00b0400 (Cagnes sur Mer \/ Saint-Paul de Vence : 15 minutes)<\/span><\/p>\n<p class=\"p1\"><span class=\"s1\">\u2192<\/span><span class=\"s2\"> En provenance de Paris par le TGV, gares les plus proches Antibes ou Nice<\/span><\/p>\n<p class=\"p1\"><span class=\"s2\">Les TER (Trains Express R\u00e9gionaux) relient rapidement toutes les principales villes de la C\u00f4te d&#8217;Azur entre Cannes et Vintimille &#8211; Horaires sur : www.ter-sncf.com\/paca ou par t\u00e9l\u00e9phone : 0 800 11 40 23 (appel gratuit depuis un t\u00e9l\u00e9phone fixe) du lundi au vendredi de 7h \u00e0 19h.<\/span><\/p>\n[\/vc_column_text][\/vc_column_inner][\/vc_row_inner][\/vc_column][\/vc_row]\n<\/div>","protected":false},"excerpt":{"rendered":"<p>[vc_row fullwidth=&#8221;true&#8221; css=&#8221;.vc_custom_1553072940422{margin-top: -50px !important;margin-bottom: 50px !important;padding-top: 80px !important;padding-bottom: 20px !important;background-color: #e6ddd5 !important;}&#8221;][vc_column][vc_row_inner is_fullwidth_content=&#8221;false&#8221;][vc_column_inner width=&#8221;2\/6&#8243; css=&#8221;.vc_custom_1553072431815{padding-right: 15px !important;}&#8221;][vc_column_text align=&#8221;center&#8221; css=&#8221;.vc_custom_1553072568752{margin-bottom: 0px !important;padding-top: 5px !important;padding-bottom: 15px !important;}&#8221;] Gerda B\u00f6cklinger 1, route de la Colle 06570 St Paul de Vence Tel: +33 493 24 18 83 gerda.bocklinger@me.com [\/vc_column_text][vc_column_text css=&#8221;.vc_custom_1553081935720{margin-right: 14px !important;margin-bottom: 0px !important;}&#8221;] Les proprietaires de la [&hellip;]<\/p>\n","protected":false},"author":2,"featured_media":0,"parent":0,"menu_order":0,"comment_status":"closed","ping_status":"closed","template":"","meta":{"_exactmetrics_skip_tracking":false,"_exactmetrics_sitenote_active":false,"_exactmetrics_sitenote_note":"","_exactmetrics_sitenote_category":0,"footnotes":""},"class_list":["post-567","page","type-page","status-publish","hentry"],"_links":{"self":[{"href":"https:\/\/stpaulstudio.com\/index.php?rest_route=\/wp\/v2\/pages\/567","targetHints":{"allow":["GET"]}}],"collection":[{"href":"https:\/\/stpaulstudio.com\/index.php?rest_route=\/wp\/v2\/pages"}],"about":[{"href":"https:\/\/stpaulstudio.com\/index.php?rest_route=\/wp\/v2\/types\/page"}],"author":[{"embeddable":true,"href":"https:\/\/stpaulstudio.com\/index.php?rest_route=\/wp\/v2\/users\/2"}],"replies":[{"embeddable":true,"href":"https:\/\/stpaulstudio.com\/index.php?rest_route=%2Fwp%2Fv2%2Fcomments&post=567"}],"version-history":[{"count":3,"href":"https:\/\/stpaulstudio.com\/index.php?rest_route=\/wp\/v2\/pages\/567\/revisions"}],"predecessor-version":[{"id":660,"href":"https:\/\/stpaulstudio.com\/index.php?rest_route=\/wp\/v2\/pages\/567\/revisions\/660"}],"wp:attachment":[{"href":"https:\/\/stpaulstudio.com\/index.php?rest_route=%2Fwp%2Fv2%2Fmedia&parent=567"}],"curies":[{"name":"wp","href":"https:\/\/api.w.org\/{rel}","templated":true}]}}