{"id":565,"date":"2019-03-20T12:32:07","date_gmt":"2019-03-20T11:32:07","guid":{"rendered":"http:\/\/stpaulstudio.com\/?page_id=565"},"modified":"2019-03-20T13:48:32","modified_gmt":"2019-03-20T12:48:32","slug":"st-paul-de-vence-fr","status":"publish","type":"page","link":"https:\/\/stpaulstudio.com\/?page_id=565&lang=fr","title":{"rendered":"St. Paul de Vence"},"content":{"rendered":"<div class=\"wpb-content-wrapper\">[vc_row equal_columns=&#8221;true&#8221; attached=&#8221;true&#8221; css=&#8221;.vc_custom_1552737952587{margin-bottom: 30px !important;}&#8221;][vc_column][vc_column_text css=&#8221;.vc_custom_1552745762076{margin-top: 70px !important;margin-bottom: 50px !important;}&#8221;]\n<h1 style=\"text-align: center;\">St. Paul de Vence<\/h1>\n[\/vc_column_text][\/vc_column][\/vc_row][vc_row][vc_column width=&#8221;1\/2&#8243;][vc_row_inner][vc_column_inner][vc_column_text disable_pattern=&#8221;false&#8221; css=&#8221;.vc_custom_1553083200967{margin-bottom: 0px !important;padding-right: 30px !important;}&#8221;]\n<p class=\"p1\"><span class=\"s1\">St Paul de Vence, la village d\u2019art plus c\u00e9l\u00e8bre de France est id\u00e9alement situ\u00e9e sur une colline entour\u00e9e de pins, de cypr\u00e8s et de vignes. Autour du village serpente un rempart qui fait une visite a St Paul comme un voyage de retour au Moyen Age. Voici les rues \u00e9troites sont bond\u00e9es par galleries d\u2019art, restaurants et petites boutiques.<\/span><\/p>\n<p class=\"p1\"><span class=\"s1\">Lors de la visite de St Paul il y a deux endroits o\u00f9 vous ne pouvez pas manquer. Premi\u00e8rement, Fondation Maeght, un de plus beaux mus\u00e9es d\u2019art d\u2019Europe. L\u2019autre est La Colombe d\u2019Or, un hotel historique avec un restaurant de renomm\u00e9e mondiale. Ici vous pouvez voir des \u0153uvres d\u2019artistes comme Picasso, Matisse, Braque, L\u00e9ger tout en mangeant un d\u00e9jeuner, ou m\u00eame un d\u00eener.<\/span><\/p>\n<p class=\"p1\"><span class=\"s1\">Nos studios sont just dehors du village.<\/span><\/p>\n[\/vc_column_text][\/vc_column_inner][\/vc_row_inner][\/vc_column][vc_column width=&#8221;1\/2&#8243;][vc_column_text css=&#8221;.vc_custom_1553083016031{margin-bottom: 50px !important;}&#8221;]\n<h4 class=\"p1\"><span class=\"s1\">Tout ce que vous devez savor sur St Paul:<\/span><\/h4>\n[\/vc_column_text][vc_row_inner][vc_column_inner width=&#8221;1\/4&#8243;][vc_icon icon_fontawesome=&#8221;fa fa-info-circle&#8221; color=&#8221;custom&#8221; size=&#8221;sm&#8221; custom_color=&#8221;#66627d&#8221;][\/vc_column_inner][vc_column_inner width=&#8221;3\/4&#8243;][vc_column_text css=&#8221;.vc_custom_1553083085197{margin-bottom: 0px !important;padding-top: 15px !important;}&#8221;]\n<h5 class=\"p1\"><a href=\"https:\/\/www.saint-pauldevence.com\/\" target=\"_blank\" rel=\"noopener noreferrer\">St. Paul de Vence <span class=\"s1\">Office de tourisme <\/span><\/a><\/h5>\n[\/vc_column_text][\/vc_column_inner][\/vc_row_inner][vc_separator color=&#8221;custom&#8221; style=&#8221;dashed&#8221; accent_color=&#8221;#66627d&#8221;][vc_row_inner][vc_column_inner width=&#8221;1\/4&#8243;][vc_icon icon_fontawesome=&#8221;fa fa-glass&#8221; color=&#8221;custom&#8221; size=&#8221;sm&#8221; custom_color=&#8221;#66627d&#8221;][\/vc_column_inner][vc_column_inner width=&#8221;3\/4&#8243;][vc_column_text css=&#8221;.vc_custom_1553083142073{margin-right: 14px !important;margin-bottom: 0px !important;}&#8221;]\n<h5><a href=\"https:\/\/www.alombredesmuriers.com\/\" target=\"_blank\" rel=\"noopener noreferrer\">Restaurant \u00a0<span class=\"s1\">A l\u2019ombre des muriers<\/span><\/a><\/h5>\n<p>Bon restaurant en dehors de St Paul<br \/>\n(3 minutes en voiture)[\/vc_column_text][\/vc_column_inner][\/vc_row_inner][\/vc_column][\/vc_row][vc_row css=&#8221;.vc_custom_1553075572125{margin-top: 30px !important;padding-right: 14px !important;padding-left: 14px !important;}&#8221;][vc_column][vc_media_grid element_width=&#8221;3&#8243; grid_id=&#8221;vc_gid:1553083168679-76279ecf-2257-3&#8243; include=&#8221;204,203,209,202,201,200,199,196,195,194,193,192,190,189,206&#8243;][\/vc_column][\/vc_row]\n<\/div>","protected":false},"excerpt":{"rendered":"<p>[vc_row equal_columns=&#8221;true&#8221; attached=&#8221;true&#8221; css=&#8221;.vc_custom_1552737952587{margin-bottom: 30px !important;}&#8221;][vc_column][vc_column_text css=&#8221;.vc_custom_1552745762076{margin-top: 70px !important;margin-bottom: 50px !important;}&#8221;] St. Paul de Vence [\/vc_column_text][\/vc_column][\/vc_row][vc_row][vc_column width=&#8221;1\/2&#8243;][vc_row_inner][vc_column_inner][vc_column_text disable_pattern=&#8221;false&#8221; css=&#8221;.vc_custom_1553083200967{margin-bottom: 0px !important;padding-right: 30px !important;}&#8221;] St Paul de Vence, la village d\u2019art plus c\u00e9l\u00e8bre de France est id\u00e9alement situ\u00e9e sur une colline entour\u00e9e de pins, de cypr\u00e8s et de vignes. Autour du village serpente un rempart qui [&hellip;]<\/p>\n","protected":false},"author":2,"featured_media":0,"parent":0,"menu_order":0,"comment_status":"closed","ping_status":"closed","template":"","meta":{"_exactmetrics_skip_tracking":false,"_exactmetrics_sitenote_active":false,"_exactmetrics_sitenote_note":"","_exactmetrics_sitenote_category":0,"footnotes":""},"class_list":["post-565","page","type-page","status-publish","hentry"],"_links":{"self":[{"href":"https:\/\/stpaulstudio.com\/index.php?rest_route=\/wp\/v2\/pages\/565","targetHints":{"allow":["GET"]}}],"collection":[{"href":"https:\/\/stpaulstudio.com\/index.php?rest_route=\/wp\/v2\/pages"}],"about":[{"href":"https:\/\/stpaulstudio.com\/index.php?rest_route=\/wp\/v2\/types\/page"}],"author":[{"embeddable":true,"href":"https:\/\/stpaulstudio.com\/index.php?rest_route=\/wp\/v2\/users\/2"}],"replies":[{"embeddable":true,"href":"https:\/\/stpaulstudio.com\/index.php?rest_route=%2Fwp%2Fv2%2Fcomments&post=565"}],"version-history":[{"count":7,"href":"https:\/\/stpaulstudio.com\/index.php?rest_route=\/wp\/v2\/pages\/565\/revisions"}],"predecessor-version":[{"id":607,"href":"https:\/\/stpaulstudio.com\/index.php?rest_route=\/wp\/v2\/pages\/565\/revisions\/607"}],"wp:attachment":[{"href":"https:\/\/stpaulstudio.com\/index.php?rest_route=%2Fwp%2Fv2%2Fmedia&parent=565"}],"curies":[{"name":"wp","href":"https:\/\/api.w.org\/{rel}","templated":true}]}}