{"id":562,"date":"2019-03-20T12:27:52","date_gmt":"2019-03-20T11:27:52","guid":{"rendered":"http:\/\/stpaulstudio.com\/?page_id=562"},"modified":"2025-06-19T08:08:24","modified_gmt":"2025-06-19T06:08:24","slug":"orangerie-sv","status":"publish","type":"page","link":"https:\/\/stpaulstudio.com\/?lang=sv","title":{"rendered":"Orangerie St. Paul"},"content":{"rendered":"<div class=\"wpb-content-wrapper\">[vc_row fullwidth=&#8221;true&#8221; css=&#8221;.vc_custom_1589707777430{margin-top: -50px !important;}&#8221;][vc_column visibility=&#8221;hidden-sm&#8221; css=&#8221;.vc_custom_1552909293410{margin-bottom: 50px !important;}&#8221;][vc_column_text css=&#8221;.vc_custom_1589705594487{margin-bottom: 0px !important;padding-top: -10px !important;}&#8221;]\n<div><\/div>\n[\/vc_column_text][\/vc_column][\/vc_row][vc_row fullwidth=&#8221;true&#8221; fullwidth_content=&#8221;false&#8221; equal_columns=&#8221;true&#8221; column_padding=&#8221;1&#8243; css=&#8221;.vc_custom_1589706387254{margin-top: -50px !important;padding-top: 30px !important;padding-bottom: 30px !important;background-color: #e6ddd5 !important;}&#8221;][vc_column][\/vc_column][\/vc_row][vc_row][vc_column css=&#8221;.vc_custom_1552579398054{margin-bottom: 50px !important;}&#8221;][vc_column_text css=&#8221;.vc_custom_1552745860271{margin-top: 50px !important;margin-bottom: 50px !important;}&#8221; disable_pattern=&#8221;false&#8221; align=&#8221;center&#8221;]\n<h1 class=\"p1\" style=\"text-align: center;\"><span class=\"s1\">St. Paul de Vence <\/span><\/h1>\n[\/vc_column_text][vc_row_inner column_padding=&#8221;1&#8243; css=&#8221;.vc_custom_1552989289924{margin-bottom: 30px !important;}&#8221;][vc_column_inner][vc_column_text css=&#8221;.vc_custom_1553093618537{margin-bottom: 0px !important;}&#8221; disable_pattern=&#8221;false&#8221;]\n<p class=\"p1\" style=\"text-align: center;\"><span class=\"s1\">St Paul de Vence \u00e4r Frankrikes mest k\u00e4nda konstn\u00e4rsby och ligger vackert bel\u00e4get p\u00e5 en kulle omgiven av pinjetr\u00e4d, cypresser och ving\u00e5rdar. Runt byn slingrar sig en mur som g\u00f6r att ett bes\u00f6k i St Paul de Vence k\u00e4nns som att g\u00f6ra en resa tillbaka till Medeltiden. H\u00e4r p\u00e5 de smala gr\u00e4nderna tr\u00e4ngs restauranger, kaf\u00e9er och sm\u00e5 boutiquer. N\u00e4r du bes\u00f6ker St Paul de Vence finns det tv\u00e5 st\u00e4llen som du inte f\u00e5r missa. F\u00f6rst har vi Fondation Maeght som \u00e4r ett av Europas finaste moderna museer. Det andra \u00e4r La Colombe d\u2019Or, ett anrikt hotell med en v\u00e4rldsber\u00f6md restaurang., H\u00e4r kan du besk\u00e5da verk av bl a Picasso, Matisse, Braque, L\u00e9ger medan du \u00e4ter en middag, eller varf\u00f6r inte en lunch.<\/span><\/p>\n<p class=\"p1\" style=\"text-align: center;\"><span class=\"s1\">Bor du i en av v\u00e5ra l\u00e4genheter \u00e4r du en stenkast fr\u00e5n byn, Colombe d\u2019Or och Fondation Maeght.<\/span><\/p>\n<p class=\"p1\" style=\"text-align: center;\"><span class=\"s1\">St Paul ligger n\u00e4ra Vence (10 min), flygplatsen Nice, (15 min) Cagnes sur Mer (10 min),\u00a0 Nice (20 min),\u00a0 Antibes (20 min), Cannes (30 min) o Monaco (40 min). Det finns ocks\u00e5 utm\u00e4rkta f\u00f6rbindelser med buss och t\u00e5g.<\/span><\/p>\n[\/vc_column_text][\/vc_column_inner][\/vc_row_inner][\/vc_column][\/vc_row][vc_row fullwidth=&#8221;true&#8221; fullwidth_content=&#8221;false&#8221; equal_columns=&#8221;true&#8221; css=&#8221;.vc_custom_1553095268863{background-color: #e6ddd5 !important;}&#8221;][vc_column width=&#8221;1\/2&#8243;][vc_row_inner is_fullwidth_content=&#8221;false&#8221;][vc_column_inner][vc_column_text css=&#8221;.vc_custom_1553073706607{padding-top: 30px !important;padding-bottom: 20px !important;}&#8221;]\n<h1 class=\"p1\" style=\"text-align: center;\"><span class=\"s1\">Studio Oranger<\/span><\/h1>\n[\/vc_column_text][\/vc_column_inner][\/vc_row_inner][vc_row_inner attached=&#8221;true&#8221; is_fullwidth_content=&#8221;false&#8221; column_padding=&#8221;1&#8243; css=&#8221;.vc_custom_1552989604333{margin-top: 30px !important;margin-bottom: 30px !important;}&#8221;][vc_column_inner css=&#8221;.vc_custom_1552580837592{margin-right: 10px !important;}&#8221;][vc_column_text css=&#8221;.vc_custom_1553157504765{margin-bottom: 0px !important;margin-left: 14px !important;}&#8221; disable_pattern=&#8221;false&#8221;]\n<p class=\"p1\"><span class=\"s1\">En mycket charmig studio p\u00e5\u00a0 32 m2, best\u00e5ende av vardagsrum med k\u00f6k, sovrum, badrum. Fr\u00e5n studion har man en h\u00e4nf\u00f6rande utsikt \u00f6ver byn St Paul, kullarna och havet med Cap Antibes. Studion \u00e4r inredd med m\u00f6bler fr\u00e5n Grange och ligger intill v\u00e4gen endast ett stenkast fr\u00e5n\u00a0 byn.<\/span><\/p>\n[\/vc_column_text][\/vc_column_inner][\/vc_row_inner][vc_row_inner is_fullwidth_content=&#8221;false&#8221; column_padding=&#8221;1&#8243; css=&#8221;.vc_custom_1552989866509{margin-bottom: 30px !important;}&#8221;][vc_column_inner][vc_column_text css=&#8221;.vc_custom_1553157372532{padding-top: 15px !important;padding-bottom: 5px !important;padding-left: 14px !important;background-color: #66627d !important;border-radius: 10px !important;}&#8221;]\n<h6><span style=\"color: #e6ddd5;\"><a style=\"color: #e6ddd5;\" href=\"https:\/\/stpaulstudio.com\/?page_id=618&amp;lang=sv\">L\u00e4s mer eller boka &gt;&gt;<\/a><\/span><\/h6>\n[\/vc_column_text][\/vc_column_inner][\/vc_row_inner][vc_row_inner attached=&#8221;true&#8221; is_fullwidth_content=&#8221;false&#8221; column_padding=&#8221;2&#8243; css=&#8221;.vc_custom_1552989952212{margin-bottom: 10px !important;}&#8221;][vc_column_inner width=&#8221;1\/2&#8243; css=&#8221;.vc_custom_1552635250253{margin-right: 10px !important;}&#8221;][vc_single_image image=&#8221;174&#8243; img_size=&#8221;full&#8221; alignment=&#8221;center&#8221;][\/vc_column_inner][vc_column_inner width=&#8221;1\/2&#8243;][vc_single_image image=&#8221;182&#8243; img_size=&#8221;full&#8221; alignment=&#8221;center&#8221;][\/vc_column_inner][\/vc_row_inner][\/vc_column][\/vc_row][vc_row equal_columns=&#8221;true&#8221; css=&#8221;.vc_custom_1553073656981{margin-top: 20px !important;padding-top: 30px !important;}&#8221;][vc_column][vc_row_inner][vc_column_inner][vc_single_image image=&#8221;14&#8243; img_size=&#8221;full&#8221; alignment=&#8221;center&#8221; css=&#8221;.vc_custom_1552997432592{margin-top: 10px !important;margin-bottom: 30px !important;}&#8221;][\/vc_column_inner][\/vc_row_inner][vc_row_inner column_padding=&#8221;2&#8243;][vc_column_inner][vc_column_text css=&#8221;.vc_custom_1553093827463{margin-bottom: 0px !important;}&#8221; disable_pattern=&#8221;false&#8221;]\n<p class=\"p1\" style=\"text-align: center;\"><span class=\"s1\"><i>Fastigheten \u00e4gs av Gerda B\u00f6cklinger och Leif Birgersson fr\u00e5n Sverige. Efter m\u00e5nga \u00e5r som egen f\u00f6retagare har vi realiserat dr\u00f6mmen om ett hus i Provence. Att det just blev St Paul de Vence \u00e4r ingen tillf\u00e4llighet, en levande by fylld med konst, n\u00e4ra storstaden Nice, charmiga Antibes och eleganta Cannes, n\u00e4ra berg och hav. H\u00e4r f\u00e5r vi uppleva ett underbart klimat och det fantastiska ljuset som har f\u00e4ngslat konstn\u00e4rer genom decennier.<\/i><\/span><\/p>\n[\/vc_column_text][\/vc_column_inner][\/vc_row_inner][\/vc_column][\/vc_row][vc_row fullwidth=&#8221;true&#8221; equal_columns=&#8221;true&#8221; css=&#8221;.vc_custom_1552996855930{margin-top: 50px !important;margin-bottom: -70px !important;padding-top: 30px !important;padding-bottom: 30px !important;background-color: #66627d !important;}&#8221;][vc_column][vc_row_inner is_fullwidth_content=&#8221;false&#8221; column_padding=&#8221;2&#8243; css=&#8221;.vc_custom_1552996627551{padding-top: 20px !important;}&#8221;][vc_column_inner width=&#8221;1\/2&#8243;][vc_video link=&#8221;https:\/\/youtu.be\/5SnjC-RROG8&#8243;][\/vc_column_inner][vc_column_inner width=&#8221;1\/2&#8243;][vc_video link=&#8221;https:\/\/youtu.be\/e-aR2UaWSl4&#8243;][\/vc_column_inner][\/vc_row_inner][\/vc_column][\/vc_row]\n<\/div>","protected":false},"excerpt":{"rendered":"<p>[vc_row fullwidth=&#8221;true&#8221; css=&#8221;.vc_custom_1589707777430{margin-top: -50px !important;}&#8221;][vc_column visibility=&#8221;hidden-sm&#8221; css=&#8221;.vc_custom_1552909293410{margin-bottom: 50px !important;}&#8221;][vc_column_text css=&#8221;.vc_custom_1589705594487{margin-bottom: 0px !important;padding-top: -10px !important;}&#8221;] [\/vc_column_text][\/vc_column][\/vc_row][vc_row fullwidth=&#8221;true&#8221; fullwidth_content=&#8221;false&#8221; equal_columns=&#8221;true&#8221; column_padding=&#8221;1&#8243; css=&#8221;.vc_custom_1589706387254{margin-top: -50px !important;padding-top: 30px !important;padding-bottom: 30px !important;background-color: #e6ddd5 !important;}&#8221;][vc_column][\/vc_column][\/vc_row][vc_row][vc_column css=&#8221;.vc_custom_1552579398054{margin-bottom: 50px !important;}&#8221;][vc_column_text css=&#8221;.vc_custom_1552745860271{margin-top: 50px !important;margin-bottom: 50px !important;}&#8221; disable_pattern=&#8221;false&#8221; align=&#8221;center&#8221;] St. Paul de Vence [\/vc_column_text][vc_row_inner column_padding=&#8221;1&#8243; css=&#8221;.vc_custom_1552989289924{margin-bottom: 30px !important;}&#8221;][vc_column_inner][vc_column_text css=&#8221;.vc_custom_1553093618537{margin-bottom: 0px !important;}&#8221; disable_pattern=&#8221;false&#8221;] St Paul de Vence [&hellip;]<\/p>\n","protected":false},"author":2,"featured_media":0,"parent":0,"menu_order":0,"comment_status":"closed","ping_status":"closed","template":"","meta":{"_exactmetrics_skip_tracking":false,"_exactmetrics_sitenote_active":false,"_exactmetrics_sitenote_note":"","_exactmetrics_sitenote_category":0,"footnotes":""},"class_list":["post-562","page","type-page","status-publish","hentry"],"_links":{"self":[{"href":"https:\/\/stpaulstudio.com\/index.php?rest_route=\/wp\/v2\/pages\/562","targetHints":{"allow":["GET"]}}],"collection":[{"href":"https:\/\/stpaulstudio.com\/index.php?rest_route=\/wp\/v2\/pages"}],"about":[{"href":"https:\/\/stpaulstudio.com\/index.php?rest_route=\/wp\/v2\/types\/page"}],"author":[{"embeddable":true,"href":"https:\/\/stpaulstudio.com\/index.php?rest_route=\/wp\/v2\/users\/2"}],"replies":[{"embeddable":true,"href":"https:\/\/stpaulstudio.com\/index.php?rest_route=%2Fwp%2Fv2%2Fcomments&post=562"}],"version-history":[{"count":18,"href":"https:\/\/stpaulstudio.com\/index.php?rest_route=\/wp\/v2\/pages\/562\/revisions"}],"predecessor-version":[{"id":768,"href":"https:\/\/stpaulstudio.com\/index.php?rest_route=\/wp\/v2\/pages\/562\/revisions\/768"}],"wp:attachment":[{"href":"https:\/\/stpaulstudio.com\/index.php?rest_route=%2Fwp%2Fv2%2Fmedia&parent=562"}],"curies":[{"name":"wp","href":"https:\/\/api.w.org\/{rel}","templated":true}]}}