{"id":560,"date":"2019-03-20T12:27:14","date_gmt":"2019-03-20T11:27:14","guid":{"rendered":"http:\/\/stpaulstudio.com\/?page_id=560"},"modified":"2023-01-07T12:42:44","modified_gmt":"2023-01-07T11:42:44","slug":"orangerie-fr","status":"publish","type":"page","link":"https:\/\/stpaulstudio.com\/?lang=fr","title":{"rendered":"Orangerie St. Paul"},"content":{"rendered":"<div class=\"wpb-content-wrapper\">[vc_row css=&#8221;.vc_custom_1589707543702{margin-top: -50px !important;}&#8221;][vc_column offset=&#8221;vc_hidden-xs&#8221;][vc_column_text]\n<div><\/div>\n<div>\n[\/vc_column_text][\/vc_column][\/vc_row][vc_row fullwidth=&#8221;true&#8221; fullwidth_content=&#8221;false&#8221; equal_columns=&#8221;true&#8221; column_padding=&#8221;1&#8243; css=&#8221;.vc_custom_1589706387254{margin-top: -50px !important;padding-top: 30px !important;padding-bottom: 30px !important;background-color: #e6ddd5 !important;}&#8221;][vc_column][mk_padding_divider visibility=&#8221;visible-sm&#8221;][\/vc_column][vc_column][\/vc_column][\/vc_row][vc_row][vc_column css=&#8221;.vc_custom_1552579398054{margin-bottom: 50px !important;}&#8221;][vc_column_text disable_pattern=&#8221;false&#8221; align=&#8221;center&#8221; css=&#8221;.vc_custom_1552745860271{margin-top: 50px !important;margin-bottom: 50px !important;}&#8221;]\n<h1 class=\"p1\" style=\"text-align: center;\"><span class=\"s1\">St. Paul de Vence <\/span><\/h1>\n[\/vc_column_text][vc_row_inner column_padding=&#8221;1&#8243; css=&#8221;.vc_custom_1552989289924{margin-bottom: 30px !important;}&#8221;][vc_column_inner][vc_column_text disable_pattern=&#8221;false&#8221; css=&#8221;.vc_custom_1553081390194{margin-bottom: 0px !important;}&#8221;]\n<p class=\"p1\" style=\"text-align: center;\"><span class=\"s1\">St Paul de Vence, la village d\u2019art plus c\u00e9l\u00e8bre de France est id\u00e9alement situ\u00e9e sur une colline entour\u00e9e de pins, de cypr\u00e8s et de vignes. Autour du village serpente un rempart qui fait une visite a St Paul comme un voyage de retour au Moyen Age. Voici les rues \u00e9troites sont bond\u00e9es par galleries d\u2019art, restaurants et petites boutiques.<\/span><\/p>\n<p class=\"p1\" style=\"text-align: center;\"><span class=\"s1\">Lors de la visite de St Paul il y a deux endroits o\u00f9 vous ne pouvez pas manquer. Premi\u00e8rement, Fondation Maeght, un de plus beaux mus\u00e9es d\u2019art d\u2019Europe. L\u2019autre est La Colombe d\u2019Or, un hotel historique avec un restaurant de renomm\u00e9e mondiale. Ici vous pouvez voir des \u0153uvres d\u2019artistes comme Picasso, Matisse, Braque, L\u00e9ger tout en mangeant un d\u00e9jeuner, ou m\u00eame un d\u00eener.<\/span><\/p>\n<p class=\"p1\" style=\"text-align: center;\"><span class=\"s1\">Nos studios sont just dehors du village.<\/span><\/p>\n<p class=\"p1\" style=\"text-align: center;\"><span class=\"s1\">St Paul est pr\u00e9t de Vence (10 min), a\u00e9roport Nice (15 min), les plages de Cagnes sur Mer (10 min), Antibes (20 min), Cannes (30 min) et Monaco (40 min). Il y a bon communication avec l\u2019autobus et train.<\/span><\/p>\n[\/vc_column_text][\/vc_column_inner][\/vc_row_inner][\/vc_column][\/vc_row][vc_row fullwidth=&#8221;true&#8221; fullwidth_content=&#8221;false&#8221; equal_columns=&#8221;true&#8221; css=&#8221;.vc_custom_1553094358879{background-color: #e6ddd5 !important;}&#8221;][vc_column width=&#8221;1\/2&#8243;][vc_row_inner is_fullwidth_content=&#8221;false&#8221;][vc_column_inner][vc_column_text css=&#8221;.vc_custom_1553073706607{padding-top: 30px !important;padding-bottom: 20px !important;}&#8221;]\n<h1 class=\"p1\" style=\"text-align: center;\"><span class=\"s1\">Studio Oranger<\/span><\/h1>\n[\/vc_column_text][\/vc_column_inner][\/vc_row_inner][vc_row_inner attached=&#8221;true&#8221; is_fullwidth_content=&#8221;false&#8221; column_padding=&#8221;1&#8243; css=&#8221;.vc_custom_1552989604333{margin-top: 30px !important;margin-bottom: 30px !important;}&#8221;][vc_column_inner css=&#8221;.vc_custom_1552580837592{margin-right: 10px !important;}&#8221;][vc_column_text disable_pattern=&#8221;false&#8221; css=&#8221;.vc_custom_1553157614796{margin-bottom: 0px !important;margin-left: 14px !important;}&#8221;]\n<p class=\"p1\"><span class=\"s1\">Un studio de lyxe de 32 m2 , compos\u00e9 d&#8217;un salon avec cuisine provencale, chambre , joli salle de bains . Le studio a une vue imprenable sur le village de Saint- Paul , les collines et la mer avec Cap Antibes . Le studio est d\u00e9cor\u00e9 avec des meubles de c\u00e9l\u00e8bre Grange et est situ\u00e9 \u00e0 c\u00f4t\u00e9 de la route \u00e0 une courte distance du village.<\/span><\/p>\n[\/vc_column_text][\/vc_column_inner][\/vc_row_inner][vc_row_inner is_fullwidth_content=&#8221;false&#8221; column_padding=&#8221;1&#8243; css=&#8221;.vc_custom_1552989866509{margin-bottom: 30px !important;}&#8221;][vc_column_inner][vc_column_text css=&#8221;.vc_custom_1553157324116{padding-top: 15px !important;padding-bottom: 5px !important;padding-left: 14px !important;background-color: #66627d !important;border-radius: 10px !important;}&#8221;]\n<h6><span style=\"color: #e6ddd5;\"><a style=\"color: #e6ddd5;\" href=\"https:\/\/stpaulstudio.com\/?page_id=569&amp;lang=fr\">Lire plus ou r\u00e9server &gt;&gt;<\/a><\/span><\/h6>\n[\/vc_column_text][\/vc_column_inner][\/vc_row_inner][vc_row_inner attached=&#8221;true&#8221; is_fullwidth_content=&#8221;false&#8221; column_padding=&#8221;2&#8243; css=&#8221;.vc_custom_1552989952212{margin-bottom: 10px !important;}&#8221;][vc_column_inner width=&#8221;1\/2&#8243; css=&#8221;.vc_custom_1552635250253{margin-right: 10px !important;}&#8221;][vc_single_image image=&#8221;174&#8243; img_size=&#8221;full&#8221; alignment=&#8221;center&#8221;][\/vc_column_inner][vc_column_inner width=&#8221;1\/2&#8243;][vc_single_image image=&#8221;182&#8243; img_size=&#8221;full&#8221; alignment=&#8221;center&#8221;][\/vc_column_inner][\/vc_row_inner][\/vc_column][\/vc_row][vc_row equal_columns=&#8221;true&#8221; css=&#8221;.vc_custom_1553073656981{margin-top: 20px !important;padding-top: 30px !important;}&#8221;][vc_column][vc_row_inner][vc_column_inner][vc_single_image image=&#8221;14&#8243; img_size=&#8221;full&#8221; alignment=&#8221;center&#8221; css=&#8221;.vc_custom_1552997432592{margin-top: 10px !important;margin-bottom: 30px !important;}&#8221;][\/vc_column_inner][\/vc_row_inner][vc_row_inner column_padding=&#8221;2&#8243;][vc_column_inner][vc_column_text disable_pattern=&#8221;false&#8221; css=&#8221;.vc_custom_1553243476331{margin-bottom: 0px !important;}&#8221;]\n<p class=\"p1\" style=\"text-align: center;\"><span class=\"s1\"><i>Les proprietaires de la maison sont Gerda B\u00f6cklinger et Leif Birgersson de la Su\u00e8de. Apr\u00e9s des ann\u00e9es comme entrepreneurs, nous avons r\u00e9alis\u00e9 n\u00f4tre r\u00eave d\u2018une maison en Provence. Que c\u2019est devenu Saint- Paul de Vence n\u2019est pas un hasard, un village vivant, rempli d&#8217; art, pr\u00e8s de la grande ville de Nice, Antibes, Cannes &#8211; villes charmantes et \u00e9l\u00e9gantes. \u00c1 proximit\u00e9 de montagnes et la mer et avec une clima extraoridnaire. Ici nous faisons l&#8217;exp\u00e9rience de la lumi\u00e8re unique qui a captiv\u00e9 artistes au des d\u00e9cennies.<\/i><\/span><\/p>\n[\/vc_column_text][\/vc_column_inner][\/vc_row_inner][\/vc_column][\/vc_row][vc_row fullwidth=&#8221;true&#8221; equal_columns=&#8221;true&#8221; css=&#8221;.vc_custom_1552996855930{margin-top: 50px !important;margin-bottom: -70px !important;padding-top: 30px !important;padding-bottom: 30px !important;background-color: #66627d !important;}&#8221;][vc_column][vc_row_inner is_fullwidth_content=&#8221;false&#8221; column_padding=&#8221;2&#8243; css=&#8221;.vc_custom_1552996627551{padding-top: 20px !important;}&#8221;][vc_column_inner width=&#8221;1\/2&#8243;][vc_video link=&#8221;https:\/\/youtu.be\/5SnjC-RROG8&#8243;][\/vc_column_inner][vc_column_inner width=&#8221;1\/2&#8243;][vc_video link=&#8221;https:\/\/youtu.be\/e-aR2UaWSl4&#8243;][\/vc_column_inner][\/vc_row_inner][\/vc_column][\/vc_row][vc_row][vc_column][vc_column_text]\n<\/div>\n[\/vc_column_text][\/vc_column][\/vc_row]\n<\/div>","protected":false},"excerpt":{"rendered":"<p>[vc_row css=&#8221;.vc_custom_1589707543702{margin-top: -50px !important;}&#8221;][vc_column offset=&#8221;vc_hidden-xs&#8221;][vc_column_text] [\/vc_column_text][\/vc_column][\/vc_row][vc_row fullwidth=&#8221;true&#8221; fullwidth_content=&#8221;false&#8221; equal_columns=&#8221;true&#8221; column_padding=&#8221;1&#8243; css=&#8221;.vc_custom_1589706387254{margin-top: -50px !important;padding-top: 30px !important;padding-bottom: 30px !important;background-color: #e6ddd5 !important;}&#8221;][vc_column][mk_padding_divider visibility=&#8221;visible-sm&#8221;][\/vc_column][vc_column][\/vc_column][\/vc_row][vc_row][vc_column css=&#8221;.vc_custom_1552579398054{margin-bottom: 50px !important;}&#8221;][vc_column_text disable_pattern=&#8221;false&#8221; align=&#8221;center&#8221; css=&#8221;.vc_custom_1552745860271{margin-top: 50px !important;margin-bottom: 50px !important;}&#8221;] St. Paul de Vence [\/vc_column_text][vc_row_inner column_padding=&#8221;1&#8243; css=&#8221;.vc_custom_1552989289924{margin-bottom: 30px !important;}&#8221;][vc_column_inner][vc_column_text disable_pattern=&#8221;false&#8221; css=&#8221;.vc_custom_1553081390194{margin-bottom: 0px !important;}&#8221;] St Paul de Vence, la village d\u2019art plus c\u00e9l\u00e8bre de France est [&hellip;]<\/p>\n","protected":false},"author":2,"featured_media":0,"parent":0,"menu_order":0,"comment_status":"closed","ping_status":"closed","template":"","meta":{"_exactmetrics_skip_tracking":false,"_exactmetrics_sitenote_active":false,"_exactmetrics_sitenote_note":"","_exactmetrics_sitenote_category":0,"footnotes":""},"class_list":["post-560","page","type-page","status-publish","hentry"],"_links":{"self":[{"href":"https:\/\/stpaulstudio.com\/index.php?rest_route=\/wp\/v2\/pages\/560","targetHints":{"allow":["GET"]}}],"collection":[{"href":"https:\/\/stpaulstudio.com\/index.php?rest_route=\/wp\/v2\/pages"}],"about":[{"href":"https:\/\/stpaulstudio.com\/index.php?rest_route=\/wp\/v2\/types\/page"}],"author":[{"embeddable":true,"href":"https:\/\/stpaulstudio.com\/index.php?rest_route=\/wp\/v2\/users\/2"}],"replies":[{"embeddable":true,"href":"https:\/\/stpaulstudio.com\/index.php?rest_route=%2Fwp%2Fv2%2Fcomments&post=560"}],"version-history":[{"count":21,"href":"https:\/\/stpaulstudio.com\/index.php?rest_route=\/wp\/v2\/pages\/560\/revisions"}],"predecessor-version":[{"id":751,"href":"https:\/\/stpaulstudio.com\/index.php?rest_route=\/wp\/v2\/pages\/560\/revisions\/751"}],"wp:attachment":[{"href":"https:\/\/stpaulstudio.com\/index.php?rest_route=%2Fwp%2Fv2%2Fmedia&parent=560"}],"curies":[{"name":"wp","href":"https:\/\/api.w.org\/{rel}","templated":true}]}}